{"id":659,"date":"2023-02-07T16:24:32","date_gmt":"2023-02-07T15:24:32","guid":{"rendered":"http:\/\/resperance.fr\/?page_id=659"},"modified":"2023-02-07T16:24:32","modified_gmt":"2023-02-07T15:24:32","slug":"la-presse-en-parle","status":"publish","type":"page","link":"https:\/\/resperance.fr\/index.php\/home\/la-presse-en-parle\/","title":{"rendered":"La presse en parle"},"content":{"rendered":"<p>[vc_row equal_height=\u00a0\u00bbyes\u00a0\u00bb css=\u00a0\u00bb.vc_custom_1675780741283{margin-top: 30px !important;margin-right: 0px !important;margin-bottom: -10px !important;margin-left: 0px !important;padding-top: 0px !important;padding-right: 0px !important;padding-bottom: 0px !important;padding-left: 0px !important;}\u00a0\u00bb][vc_column width=\u00a0\u00bb1\/2&Prime; css=\u00a0\u00bb.vc_custom_1675780550756{margin-top: 50px !important;}\u00a0\u00bb][vc_column_text]<\/p>\n<h2 style=\"text-align: left;\"><strong>Resp\u00e9rance dans la presse<\/strong><\/h2>\n<p style=\"text-align: left;\">Avec les multiples \u00e9v\u00e8nements, activit\u00e9s, manifestations organis\u00e9s par Resp\u00e9rance et ses participations et collaborations avec des acteurs de la ville, l\u2019association a pu faire parler d\u2019elle dans les journaux. Voici les diff\u00e9rents articles de presse qui permettent de regrouper des actions marquantes entreprises par Resp\u00e9rance<\/p>\n<p>[\/vc_column_text][\/vc_column][vc_column width=\u00a0\u00bb1\/2&Prime;][vc_single_image image=\u00a0\u00bb722&Prime; img_size=\u00a0\u00bbmedium\u00a0\u00bb alignment=\u00a0\u00bbright\u00a0\u00bb][vc_single_image image=\u00a0\u00bb723&Prime; img_size=\u00a0\u00bbmedium\u00a0\u00bb alignment=\u00a0\u00bbright\u00a0\u00bb][\/vc_column][\/vc_row][vc_row css=\u00a0\u00bb.vc_custom_1675779994464{margin-top: 20px !important;margin-right: 20px !important;margin-bottom: 30px !important;margin-left: 20px !important;padding-top: 0px !important;padding-right: 0px !important;padding-bottom: 0px !important;padding-left: 0px !important;}\u00a0\u00bb][vc_column][vc_masonry_media_grid gap=\u00a0\u00bb20&Prime; item=\u00a0\u00bbbasicGrid_TextFirst\u00a0\u00bb grid_id=\u00a0\u00bbvc_gid:1675780249644-89b89a21-80af-2&Prime; include=\u00a0\u00bb716,689,688,687,686,685,684,683,682,681,680,679,678,677,676,675,674,673,672,670,671,669,668,667,666,665,664,663,662,661,660&Prime; css=\u00a0\u00bb.vc_custom_1675777983324{margin-top: 0px !important;margin-right: 0px !important;margin-bottom: 0px !important;margin-left: 0px !important;padding-top: 0px !important;padding-right: 0px !important;padding-bottom: 0px !important;padding-left: 0px !important;}\u00a0\u00bb][\/vc_column][\/vc_row]<\/p>\n","protected":false},"excerpt":{"rendered":"<p>[vc_row equal_height=\u00a0\u00bbyes\u00a0\u00bb css=\u00a0\u00bb.vc_custom_1675780741283{margin-top: 30px !important;margin-right: 0px !important;margin-bottom: -10px !important;margin-left: 0px !important;padding-top: 0px !important;padding-right: 0px !important;padding-bottom: 0px !important;padding-left: 0px !important;}\u00a0\u00bb][vc_column width=\u00a0\u00bb1\/2&Prime; css=\u00a0\u00bb.vc_custom_1675780550756{margin-top: 50px !important;}\u00a0\u00bb][vc_column_text] Resp\u00e9rance dans la presse Avec les multiples [&hellip;]<\/p>\n","protected":false},"author":3,"featured_media":0,"parent":57,"menu_order":0,"comment_status":"closed","ping_status":"closed","template":"page-templates\/template-fullwidth.php","meta":[],"_links":{"self":[{"href":"https:\/\/resperance.fr\/index.php\/wp-json\/wp\/v2\/pages\/659"}],"collection":[{"href":"https:\/\/resperance.fr\/index.php\/wp-json\/wp\/v2\/pages"}],"about":[{"href":"https:\/\/resperance.fr\/index.php\/wp-json\/wp\/v2\/types\/page"}],"author":[{"embeddable":true,"href":"https:\/\/resperance.fr\/index.php\/wp-json\/wp\/v2\/users\/3"}],"replies":[{"embeddable":true,"href":"https:\/\/resperance.fr\/index.php\/wp-json\/wp\/v2\/comments?post=659"}],"version-history":[{"count":41,"href":"https:\/\/resperance.fr\/index.php\/wp-json\/wp\/v2\/pages\/659\/revisions"}],"predecessor-version":[{"id":737,"href":"https:\/\/resperance.fr\/index.php\/wp-json\/wp\/v2\/pages\/659\/revisions\/737"}],"up":[{"embeddable":true,"href":"https:\/\/resperance.fr\/index.php\/wp-json\/wp\/v2\/pages\/57"}],"wp:attachment":[{"href":"https:\/\/resperance.fr\/index.php\/wp-json\/wp\/v2\/media?parent=659"}],"curies":[{"name":"wp","href":"https:\/\/api.w.org\/{rel}","templated":true}]}}