{"id":325,"date":"2017-08-08T09:36:31","date_gmt":"2017-08-08T09:36:31","guid":{"rendered":"http:\/\/wpdemo.oceanthemes.net\/blessing\/?page_id=325"},"modified":"2023-02-06T11:35:23","modified_gmt":"2023-02-06T10:35:23","slug":"about-us","status":"publish","type":"page","link":"https:\/\/resperance.fr\/index.php\/about-us\/","title":{"rendered":"Qui sommes-nous ?"},"content":{"rendered":"\n<p><\/p>\n\n\n\n<p><strong>Resp\u00e9rance est une association d\u2019origine protestante \u00e9vang\u00e9lique qui \u0153uvre depuis plus de 20 ans dans les Quartiers prioritaires de l\u2019agglom\u00e9ration de Nancy (Vand\u2019Est et La Californie).<\/strong> <\/p>\n\n\n\n<figure class=\"wp-block-gallery columns-2 is-cropped\"><ul class=\"blocks-gallery-grid\"><li class=\"blocks-gallery-item\"><figure><img loading=\"lazy\" width=\"600\" height=\"400\" src=\"http:\/\/resperance.fr\/wp-content\/uploads\/2021\/04\/pic-1-1-resp54.jpg\" alt=\"\" data-id=\"423\" data-full-url=\"http:\/\/resperance.fr\/wp-content\/uploads\/2021\/04\/pic-1-1-resp54.jpg\" data-link=\"http:\/\/resperance.fr\/index.php\/home\/pic-1-1-resp54\/\" class=\"wp-image-423\" srcset=\"https:\/\/resperance.fr\/wp-content\/uploads\/2021\/04\/pic-1-1-resp54.jpg 600w, https:\/\/resperance.fr\/wp-content\/uploads\/2021\/04\/pic-1-1-resp54-300x200.jpg 300w\" sizes=\"(max-width: 600px) 100vw, 600px\" \/><\/figure><\/li><li class=\"blocks-gallery-item\"><figure><img loading=\"lazy\" width=\"600\" height=\"400\" src=\"http:\/\/resperance.fr\/wp-content\/uploads\/2021\/04\/pic-1-resp67.jpg\" alt=\"\" data-id=\"427\" data-full-url=\"http:\/\/resperance.fr\/wp-content\/uploads\/2021\/04\/pic-1-resp67.jpg\" data-link=\"http:\/\/resperance.fr\/index.php\/home\/pic-1-resp67\/\" class=\"wp-image-427\" srcset=\"https:\/\/resperance.fr\/wp-content\/uploads\/2021\/04\/pic-1-resp67.jpg 600w, https:\/\/resperance.fr\/wp-content\/uploads\/2021\/04\/pic-1-resp67-300x200.jpg 300w\" sizes=\"(max-width: 600px) 100vw, 600px\" \/><\/figure><\/li><\/ul><\/figure>\n\n\n\n<p>Ses actions en direction de tous &#8211; sans distinction d\u2019origine &#8211; sont reconnues et appr\u00e9ci\u00e9es par les autorit\u00e9s locales et les acteurs sociaux (pr\u00e9fecture, municipalit\u00e9s, bailleur social, MJC, associations partenaires, etc.). L\u2019association se donne pour but :<\/p>\n\n\n\n<ul><li>D\u2019accompagner les enfants et les jeunes en contribuant \u00e0 leurs d\u00e9veloppements physique, intellectuel et spirituel par des moyens et des supports ludiques en particulier dans le respect des croyances des uns et des autres.<\/li><li>De mener un travail de pr\u00e9vention sociale et de lutte contre la violence physique et verbale.<\/li><li>De rejoindre les enfants ainsi que leur famille dans leurs pr\u00e9occupations et leur quotidien.<\/li><li>De transmettre des valeurs essentielles telle que confiance, respect, pardon ou encore entraide.&nbsp;<\/li><\/ul>\n\n\n\n<p>Les animateurs se donneront la possibilit\u00e9 de travailler les relations avec les parents des participants mineurs aux activit\u00e9s de l\u2019association en organisant des activit\u00e9s socio-\u00e9ducatives et\/ou sportives et ainsi favoriser le lien familial, la pr\u00e9vention et l\u2019insertion sociale.<\/p>\n\n\n\n<p><br>Elle poursuit son d\u00e9veloppement avec les m\u00eames ambitions sur le territoire de Bischwiller avec une antenne locale, nomm\u00e9e \u00ab\u00a0Resp\u00e9rance 67\u00a0\u00bb et implant\u00e9e au c\u0153ur m\u00eame d\u2019un Quartier \u00ab Politique de la Ville \u00bb.<\/p>\n\n\n\n<figure class=\"wp-block-embed is-type-video is-provider-youtube wp-block-embed-youtube wp-embed-aspect-16-9 wp-has-aspect-ratio\"><div class=\"wp-block-embed__wrapper\">\n<iframe loading=\"lazy\" title=\"Resp\u00e9rance\" width=\"525\" height=\"295\" src=\"https:\/\/www.youtube.com\/embed\/gbAvXxBMhaQ?feature=oembed\" frameborder=\"0\" allow=\"accelerometer; autoplay; clipboard-write; encrypted-media; gyroscope; picture-in-picture\" allowfullscreen><\/iframe>\n<\/div><figcaption>Chyc Pohlit, pr\u00e9sident et fondateur de Resp\u00e9rance \u00e0 Vand&rsquo;Est est invit\u00e9 sur France 3 Lorraine<\/figcaption><\/figure>\n\n\n\n<div class=\"wp-block-image\"><figure class=\"aligncenter size-large\"><img loading=\"lazy\" width=\"740\" height=\"500\" src=\"http:\/\/resperance.fr\/wp-content\/uploads\/2021\/04\/119562496_109805937535359_370197699927573533_n.png\" alt=\"\" class=\"wp-image-543\" srcset=\"https:\/\/resperance.fr\/wp-content\/uploads\/2021\/04\/119562496_109805937535359_370197699927573533_n.png 740w, https:\/\/resperance.fr\/wp-content\/uploads\/2021\/04\/119562496_109805937535359_370197699927573533_n-300x203.png 300w\" sizes=\"(max-width: 740px) 100vw, 740px\" \/><\/figure><\/div>\n","protected":false},"excerpt":{"rendered":"<p>Resp\u00e9rance est une association d\u2019origine protestante \u00e9vang\u00e9lique qui \u0153uvre depuis plus de 20 ans dans les Quartiers prioritaires de l\u2019agglom\u00e9ration de Nancy (Vand\u2019Est et La Californie). Ses actions en direction [&hellip;]<\/p>\n","protected":false},"author":1,"featured_media":0,"parent":0,"menu_order":0,"comment_status":"closed","ping_status":"closed","template":"page-templates\/template-shop.php","meta":[],"_links":{"self":[{"href":"https:\/\/resperance.fr\/index.php\/wp-json\/wp\/v2\/pages\/325"}],"collection":[{"href":"https:\/\/resperance.fr\/index.php\/wp-json\/wp\/v2\/pages"}],"about":[{"href":"https:\/\/resperance.fr\/index.php\/wp-json\/wp\/v2\/types\/page"}],"author":[{"embeddable":true,"href":"https:\/\/resperance.fr\/index.php\/wp-json\/wp\/v2\/users\/1"}],"replies":[{"embeddable":true,"href":"https:\/\/resperance.fr\/index.php\/wp-json\/wp\/v2\/comments?post=325"}],"version-history":[{"count":6,"href":"https:\/\/resperance.fr\/index.php\/wp-json\/wp\/v2\/pages\/325\/revisions"}],"predecessor-version":[{"id":703,"href":"https:\/\/resperance.fr\/index.php\/wp-json\/wp\/v2\/pages\/325\/revisions\/703"}],"wp:attachment":[{"href":"https:\/\/resperance.fr\/index.php\/wp-json\/wp\/v2\/media?parent=325"}],"curies":[{"name":"wp","href":"https:\/\/api.w.org\/{rel}","templated":true}]}}